{"id":8135,"date":"2024-04-04T23:49:06","date_gmt":"2024-04-04T21:49:06","guid":{"rendered":"https:\/\/neuzrfg.xn--drenthe-90a.de\/?page_id=8135"},"modified":"2024-04-04T23:49:06","modified_gmt":"2024-04-04T21:49:06","slug":"unser-vereinsgelaende","status":"publish","type":"page","link":"https:\/\/neuzrfg.xn--drenthe-90a.de\/?page_id=8135","title":{"rendered":"Unser Vereinsgel\u00e4nde"},"content":{"rendered":"\n<h2 class=\"wp-block-heading has-text-align-center\"><\/h2>\n\n\n\n<p><img fetchpriority=\"high\" decoding=\"async\" class=\"size-large wp-image-8150 aligncenter\" src=\"https:\/\/neuzrfg.xn--drenthe-90a.de\/wp-content\/uploads\/2024\/04\/foto-reitgelaende-3-1-1024x514.jpg\" alt=\"\" width=\"750\" height=\"376\" srcset=\"https:\/\/neuzrfg.xn--drenthe-90a.de\/wp-content\/uploads\/2024\/04\/foto-reitgelaende-3-1-1024x514.jpg 1024w, https:\/\/neuzrfg.xn--drenthe-90a.de\/wp-content\/uploads\/2024\/04\/foto-reitgelaende-3-1-300x150.jpg 300w, https:\/\/neuzrfg.xn--drenthe-90a.de\/wp-content\/uploads\/2024\/04\/foto-reitgelaende-3-1-768x385.jpg 768w, https:\/\/neuzrfg.xn--drenthe-90a.de\/wp-content\/uploads\/2024\/04\/foto-reitgelaende-3-1-1536x770.jpg 1536w, https:\/\/neuzrfg.xn--drenthe-90a.de\/wp-content\/uploads\/2024\/04\/foto-reitgelaende-3-1-2048x1027.jpg 2048w\" sizes=\"(max-width: 750px) 100vw, 750px\" \/><\/p>\n\n\n\n<p style=\"text-align: center;\">Im landschaftlich sch\u00f6nen Ibbenb\u00fcren-D\u00f6renthe liegt unsere gepflegte Reit- und Fahrsportanlage, <br>das Zentrum unserer Vereinsaktivit\u00e4ten.<\/p>\n","protected":false},"excerpt":{"rendered":"<p>Im landschaftlich sch\u00f6nen Ibbenb\u00fcren-D\u00f6renthe liegt unsere gepflegte Reit- und Fahrsportanlage, das Zentrum unserer Vereinsaktivit\u00e4ten.<\/p>\n","protected":false},"author":4,"featured_media":0,"parent":0,"menu_order":0,"comment_status":"closed","ping_status":"closed","template":"","meta":{"ngg_post_thumbnail":0,"_EventAllDay":false,"_EventTimezone":"","_EventStartDate":"","_EventEndDate":"","_EventStartDateUTC":"","_EventEndDateUTC":"","_EventShowMap":false,"_EventShowMapLink":false,"_EventURL":"","_EventCost":"","_EventCostDescription":"","_EventCurrencySymbol":"","_EventCurrencyCode":"","_EventCurrencyPosition":"","_EventDateTimeSeparator":"","_EventTimeRangeSeparator":"","_EventOrganizerID":[],"_EventVenueID":[],"_OrganizerEmail":"","_OrganizerPhone":"","_OrganizerWebsite":"","_VenueAddress":"","_VenueCity":"","_VenueCountry":"","_VenueProvince":"","_VenueState":"","_VenueZip":"","_VenuePhone":"","_VenueURL":"","_VenueStateProvince":"","_VenueLat":"","_VenueLng":"","_VenueShowMap":false,"_VenueShowMapLink":false,"footnotes":""},"class_list":["post-8135","page","type-page","status-publish","hentry"],"_links":{"self":[{"href":"https:\/\/neuzrfg.xn--drenthe-90a.de\/index.php?rest_route=\/wp\/v2\/pages\/8135","targetHints":{"allow":["GET"]}}],"collection":[{"href":"https:\/\/neuzrfg.xn--drenthe-90a.de\/index.php?rest_route=\/wp\/v2\/pages"}],"about":[{"href":"https:\/\/neuzrfg.xn--drenthe-90a.de\/index.php?rest_route=\/wp\/v2\/types\/page"}],"author":[{"embeddable":true,"href":"https:\/\/neuzrfg.xn--drenthe-90a.de\/index.php?rest_route=\/wp\/v2\/users\/4"}],"replies":[{"embeddable":true,"href":"https:\/\/neuzrfg.xn--drenthe-90a.de\/index.php?rest_route=%2Fwp%2Fv2%2Fcomments&post=8135"}],"version-history":[{"count":6,"href":"https:\/\/neuzrfg.xn--drenthe-90a.de\/index.php?rest_route=\/wp\/v2\/pages\/8135\/revisions"}],"predecessor-version":[{"id":8155,"href":"https:\/\/neuzrfg.xn--drenthe-90a.de\/index.php?rest_route=\/wp\/v2\/pages\/8135\/revisions\/8155"}],"wp:attachment":[{"href":"https:\/\/neuzrfg.xn--drenthe-90a.de\/index.php?rest_route=%2Fwp%2Fv2%2Fmedia&parent=8135"}],"curies":[{"name":"wp","href":"https:\/\/api.w.org\/{rel}","templated":true}]}}