{"id":53,"date":"2019-03-06T15:12:20","date_gmt":"2019-03-06T14:12:20","guid":{"rendered":"http:\/\/neuzrfg.xn--drenthe-90a.de\/?page_id=53"},"modified":"2024-05-10T22:22:55","modified_gmt":"2024-05-10T20:22:55","slug":"voltigieren","status":"publish","type":"page","link":"https:\/\/neuzrfg.xn--drenthe-90a.de\/?page_id=53","title":{"rendered":"Voltigieren"},"content":{"rendered":"\n<ul class=\"wp-block-list\">\n<li><strong>Kontakt:<\/strong> Sonja Benkert\/ Bernadette Herzog<br><\/li>\n\n\n\n<li>dienstags, 15:00 Uhr &#8211; 17:00 Uhr Voltigieren in der Reithalle Schmiemann<\/li>\n<\/ul>\n\n\n\n<p>Und auch die Voltis sind bei uns vertreten! Unter der Leitung von Sonja Benkert und Verena B\u00f6hner und der Unterst\u00fctzung von Karla Th\u00fcnker trainieren unsere zwei Voltigruppen w\u00f6chentlich dienstags von 15:00 Uhr bis 16:00 Uhr (Volti-Minis) und 16:00-17:00 Uhr (Volti-Maxis) in der Reithalle Schmiemann in D\u00f6renthe. Immer mit dabei sind unser Schul- und Voltigierpony &#8222;Bonni&#8220; sowie der Voltigierbock &#8222;Max-Pferdinand&#8220;.<\/p>\n\n\n\n<p>Ziel der Gruppen sind Starts auf den umliegenden Voltigierturnieren. Dar\u00fcber hinaus geben die Voltis auf unserem gro\u00dfen Reitturnier sowie auf dem vereinsinternen Turnier tolle Vorf\u00fchrungen ihrer einge\u00fcbten K\u00fcren.<\/p>\n\n\n\n<figure class=\"wp-block-image\"><img fetchpriority=\"high\" decoding=\"async\" width=\"1024\" height=\"682\" src=\"https:\/\/neuzrfg.xn--drenthe-90a.de\/wp-content\/uploads\/2019\/03\/IMG-20180108-WA0006-1024x682.jpg\" alt=\"\" class=\"wp-image-633\" srcset=\"https:\/\/neuzrfg.xn--drenthe-90a.de\/wp-content\/uploads\/2019\/03\/IMG-20180108-WA0006-1024x682.jpg 1024w, https:\/\/neuzrfg.xn--drenthe-90a.de\/wp-content\/uploads\/2019\/03\/IMG-20180108-WA0006-300x200.jpg 300w, https:\/\/neuzrfg.xn--drenthe-90a.de\/wp-content\/uploads\/2019\/03\/IMG-20180108-WA0006-768x512.jpg 768w, https:\/\/neuzrfg.xn--drenthe-90a.de\/wp-content\/uploads\/2019\/03\/IMG-20180108-WA0006.jpg 1280w\" sizes=\"(max-width: 1024px) 100vw, 1024px\" \/><figcaption class=\"wp-element-caption\">Die Turniergruppe mit ihren neuen Voltianz\u00fcgen on Tour<\/figcaption><\/figure>\n\n\n\n<figure class=\"wp-block-image\"><img decoding=\"async\" width=\"1024\" height=\"767\" src=\"https:\/\/neuzrfg.xn--drenthe-90a.de\/wp-content\/uploads\/2019\/03\/IMG-20180108-WA0007-1024x767.jpg\" alt=\"\" class=\"wp-image-634\" srcset=\"https:\/\/neuzrfg.xn--drenthe-90a.de\/wp-content\/uploads\/2019\/03\/IMG-20180108-WA0007-1024x767.jpg 1024w, https:\/\/neuzrfg.xn--drenthe-90a.de\/wp-content\/uploads\/2019\/03\/IMG-20180108-WA0007-300x225.jpg 300w, https:\/\/neuzrfg.xn--drenthe-90a.de\/wp-content\/uploads\/2019\/03\/IMG-20180108-WA0007-768x575.jpg 768w, https:\/\/neuzrfg.xn--drenthe-90a.de\/wp-content\/uploads\/2019\/03\/IMG-20180108-WA0007.jpg 1280w\" sizes=\"(max-width: 1024px) 100vw, 1024px\" \/><figcaption class=\"wp-element-caption\">Die Nachwuchsgruppe im Training<\/figcaption><\/figure>\n","protected":false},"excerpt":{"rendered":"<p>Und auch die Voltis sind bei uns vertreten! Unter der Leitung von Sonja Benkert und Verena B\u00f6hner und der Unterst\u00fctzung von Karla Th\u00fcnker trainieren unsere zwei Voltigruppen w\u00f6chentlich dienstags von 15:00 Uhr bis 16:00 Uhr (Volti-Minis) und 16:00-17:00 Uhr (Volti-Maxis)<\/p>\n","protected":false},"author":1,"featured_media":0,"parent":0,"menu_order":0,"comment_status":"closed","ping_status":"closed","template":"","meta":{"ngg_post_thumbnail":0,"_EventAllDay":false,"_EventTimezone":"","_EventStartDate":"","_EventEndDate":"","_EventStartDateUTC":"","_EventEndDateUTC":"","_EventShowMap":false,"_EventShowMapLink":false,"_EventURL":"","_EventCost":"","_EventCostDescription":"","_EventCurrencySymbol":"","_EventCurrencyCode":"","_EventCurrencyPosition":"","_EventDateTimeSeparator":"","_EventTimeRangeSeparator":"","_EventOrganizerID":[],"_EventVenueID":[],"_OrganizerEmail":"","_OrganizerPhone":"","_OrganizerWebsite":"","_VenueAddress":"","_VenueCity":"","_VenueCountry":"","_VenueProvince":"","_VenueState":"","_VenueZip":"","_VenuePhone":"","_VenueURL":"","_VenueStateProvince":"","_VenueLat":"","_VenueLng":"","_VenueShowMap":false,"_VenueShowMapLink":false,"footnotes":""},"class_list":["post-53","page","type-page","status-publish","hentry"],"_links":{"self":[{"href":"https:\/\/neuzrfg.xn--drenthe-90a.de\/index.php?rest_route=\/wp\/v2\/pages\/53","targetHints":{"allow":["GET"]}}],"collection":[{"href":"https:\/\/neuzrfg.xn--drenthe-90a.de\/index.php?rest_route=\/wp\/v2\/pages"}],"about":[{"href":"https:\/\/neuzrfg.xn--drenthe-90a.de\/index.php?rest_route=\/wp\/v2\/types\/page"}],"author":[{"embeddable":true,"href":"https:\/\/neuzrfg.xn--drenthe-90a.de\/index.php?rest_route=\/wp\/v2\/users\/1"}],"replies":[{"embeddable":true,"href":"https:\/\/neuzrfg.xn--drenthe-90a.de\/index.php?rest_route=%2Fwp%2Fv2%2Fcomments&post=53"}],"version-history":[{"count":6,"href":"https:\/\/neuzrfg.xn--drenthe-90a.de\/index.php?rest_route=\/wp\/v2\/pages\/53\/revisions"}],"predecessor-version":[{"id":8396,"href":"https:\/\/neuzrfg.xn--drenthe-90a.de\/index.php?rest_route=\/wp\/v2\/pages\/53\/revisions\/8396"}],"wp:attachment":[{"href":"https:\/\/neuzrfg.xn--drenthe-90a.de\/index.php?rest_route=%2Fwp%2Fv2%2Fmedia&parent=53"}],"curies":[{"name":"wp","href":"https:\/\/api.w.org\/{rel}","templated":true}]}}