{"id":51,"date":"2019-03-06T15:11:43","date_gmt":"2019-03-06T14:11:43","guid":{"rendered":"http:\/\/neuzrfg.xn--drenthe-90a.de\/?page_id=51"},"modified":"2026-02-06T16:11:15","modified_gmt":"2026-02-06T15:11:15","slug":"reiten","status":"publish","type":"page","link":"https:\/\/neuzrfg.xn--drenthe-90a.de\/?page_id=51","title":{"rendered":"Reiten"},"content":{"rendered":"\n<ul class=\"wp-block-list\">\n<li><strong>Kontakt:<\/strong> Christine Storkamp <strong>(Tel.: 01522 966 25 07<\/strong>)<br><br><\/li>\n\n\n\n<li><strong>Abteilungsreiten:<\/strong><br>\n<ul class=\"wp-block-list\">\n<li>montags, 15:00-17:00 Uhr<\/li>\n\n\n\n<li>mittwochs, 15:00 -17:00 Uhr<\/li>\n\n\n\n<li>freitags, 15:00-17:00 Uhr<\/li>\n\n\n\n<li>samstags: 13:00-14:00 Uhr<\/li>\n<\/ul>\n<\/li>\n<\/ul>\n\n\n\n<ul class=\"wp-block-list\">\n<li><strong>Longenstunden:<\/strong>\n<ul class=\"wp-block-list\">\n<li>samstags, 11:00-13:00 Uhr<\/li>\n<\/ul>\n<\/li>\n<\/ul>\n\n\n\n<ul class=\"wp-block-list\">\n<li><strong>Dressurstunden:<\/strong>\n<ul class=\"wp-block-list\">\n<li>dienstags, 19:00-20:00 Uhr<br><br><\/li>\n<\/ul>\n<\/li>\n\n\n\n<li><strong>Dressurtraining Mannschaft:<\/strong> alle vier Wochen dienstags, 17:00-19:00 Uhr<br><\/li>\n<\/ul>\n\n\n\n<ul class=\"wp-block-list\">\n<li><strong>Springstunden:<\/strong>\n<ul class=\"wp-block-list\">\n<li>donnerstags, 19-20 Uhr<\/li>\n<\/ul>\n<\/li>\n<\/ul>\n\n\n\n<ul class=\"wp-block-list\">\n<li><strong>Gro\u00dfes Reitturnier<\/strong> am letzten Wochenende im April\/ 2026 erstmals auf dem neuen Reitplatz!<\/li>\n\n\n\n<li><strong>Orientierungsfahrt\/-ritt<\/strong> am ersten Samstag im Oktober, <strong>3. 10.2026<\/strong><\/li>\n\n\n\n<li><strong>Weihnachtsreiten\/internes Turnier:<\/strong> Samstag vor dem 1. Advent<\/li>\n<\/ul>\n\n\n\n<p>Auf unserer Anlage an der F\u00fcrstenberger Stra\u00dfe veranstalten wir jedes Jahr am letzten Aprilwochenende ein <strong>gro\u00dfes Reitturnier<\/strong> mit Spring- und Dressurpr\u00fcfungen bis zur Klasse M und zahlreichen Pr\u00fcfungen f\u00fcr Nachwuchsreiter.<\/p>\n\n\n\n<p>Die F\u00f6rderung der <strong>Jugend <\/strong>liegt uns besonders am Herzen. Dementsprechend veranstalten wir einmal im Jahr am ersten Adventswochenende unser vereinsinternes Turnier in der <strong>Reithalle Schmiemann<\/strong>, auf dem sich die Vereinsjugend in speziellen Einsteigerpr\u00fcfungen messen kann. Am Ende des Tages kommt der <strong>Nikolaus <\/strong>in die Reithalle gefahren und verteilt an alle Kinder kleine Geschenk<\/p>\n\n\n\n<p><\/p>\n\n\n\n<p>In unseren <strong>Reitstunden<\/strong>, in denen schwerpunktm\u00e4\u00dfig unser Nachwuchs trainiert wird, k\u00f6nnen die Jugendlichen auf die vereinseigenen Schulponys zur\u00fcckgreifen oder eigene Ponys\/Pferde reiten.<\/p>\n\n\n\n<p>F\u00fcr die fortgeschrittenen und <strong>erwachsenen Reiterinnen und Reite<\/strong>r bieten wir eine <strong>Dressurstunde <\/strong>an, die ebenfalls in der Reithalle Schmiemann stattfinden. Die <strong>Springreiter <\/strong>trainieren im Sommer auf dem Springplatz des Vereinsgel\u00e4ndes.<\/p>\n\n\n\n<p>Bei Interesse melden Sie sich bitte bei <strong>Christine Storkamp <\/strong>. <\/p>\n","protected":false},"excerpt":{"rendered":"<p>Auf unserer Anlage an der F\u00fcrstenberger Stra\u00dfe veranstalten wir jedes Jahr am letzten Aprilwochenende ein gro\u00dfes Reitturnier mit Spring- und Dressurpr\u00fcfungen bis zur Klasse M und zahlreichen Pr\u00fcfungen f\u00fcr Nachwuchsreiter. Die F\u00f6rderung der Jugend liegt uns besonders am Herzen. Dementsprechend<\/p>\n","protected":false},"author":1,"featured_media":0,"parent":0,"menu_order":0,"comment_status":"closed","ping_status":"closed","template":"","meta":{"ngg_post_thumbnail":0,"_EventAllDay":false,"_EventTimezone":"","_EventStartDate":"","_EventEndDate":"","_EventStartDateUTC":"","_EventEndDateUTC":"","_EventShowMap":false,"_EventShowMapLink":false,"_EventURL":"","_EventCost":"","_EventCostDescription":"","_EventCurrencySymbol":"","_EventCurrencyCode":"","_EventCurrencyPosition":"","_EventDateTimeSeparator":"","_EventTimeRangeSeparator":"","_EventOrganizerID":[],"_EventVenueID":[],"_OrganizerEmail":"","_OrganizerPhone":"","_OrganizerWebsite":"","_VenueAddress":"","_VenueCity":"","_VenueCountry":"","_VenueProvince":"","_VenueState":"","_VenueZip":"","_VenuePhone":"","_VenueURL":"","_VenueStateProvince":"","_VenueLat":"","_VenueLng":"","_VenueShowMap":false,"_VenueShowMapLink":false,"footnotes":""},"class_list":["post-51","page","type-page","status-publish","hentry"],"_links":{"self":[{"href":"https:\/\/neuzrfg.xn--drenthe-90a.de\/index.php?rest_route=\/wp\/v2\/pages\/51","targetHints":{"allow":["GET"]}}],"collection":[{"href":"https:\/\/neuzrfg.xn--drenthe-90a.de\/index.php?rest_route=\/wp\/v2\/pages"}],"about":[{"href":"https:\/\/neuzrfg.xn--drenthe-90a.de\/index.php?rest_route=\/wp\/v2\/types\/page"}],"author":[{"embeddable":true,"href":"https:\/\/neuzrfg.xn--drenthe-90a.de\/index.php?rest_route=\/wp\/v2\/users\/1"}],"replies":[{"embeddable":true,"href":"https:\/\/neuzrfg.xn--drenthe-90a.de\/index.php?rest_route=%2Fwp%2Fv2%2Fcomments&post=51"}],"version-history":[{"count":15,"href":"https:\/\/neuzrfg.xn--drenthe-90a.de\/index.php?rest_route=\/wp\/v2\/pages\/51\/revisions"}],"predecessor-version":[{"id":9761,"href":"https:\/\/neuzrfg.xn--drenthe-90a.de\/index.php?rest_route=\/wp\/v2\/pages\/51\/revisions\/9761"}],"wp:attachment":[{"href":"https:\/\/neuzrfg.xn--drenthe-90a.de\/index.php?rest_route=%2Fwp%2Fv2%2Fmedia&parent=51"}],"curies":[{"name":"wp","href":"https:\/\/api.w.org\/{rel}","templated":true}]}}