{"id":49,"date":"2019-03-06T15:10:56","date_gmt":"2019-03-06T14:10:56","guid":{"rendered":"http:\/\/neuzrfg.xn--drenthe-90a.de\/?page_id=49"},"modified":"2025-01-30T20:38:07","modified_gmt":"2025-01-30T19:38:07","slug":"kontakt-2","status":"publish","type":"page","link":"https:\/\/neuzrfg.xn--drenthe-90a.de\/?page_id=49","title":{"rendered":"Kontakt"},"content":{"rendered":"\n<p class=\"has-medium-font-size\"><em>Verein<\/em><\/p>\n\n\n\n<p>F\u00fcrstenberger Stra\u00dfe<br>49479 Ibbenb\u00fcren-D\u00f6renthe<br>Deutschland<\/p>\n\n\n\n<p><iframe src=\"https:\/\/www.google.com\/maps\/embed?pb=!1m17!1m11!1m3!1d1075.1246936696316!2d7.684572229735604!3d52.21803233232199!2m2!1f0!2f0!3m2!1i1024!2i768!4f13.1!3m3!1m2!1s0x47b9c5eae56282c3%3A0x62fbcda44fafe40!2sF%C3%BCrstenberger+Str.%2C+49479+Ibbenb%C3%BCren!5e1!3m2!1sde!2sde!4v1550576152345\" width=\"600\" height=\"450\" frameborder=\"0\" style=\"border:0\" allowfullscreen=\"\"><\/iframe><\/p>\n\n\n\n<p class=\"has-medium-font-size\"><em>Gesch\u00e4ftsf\u00fchrung<\/em><\/p>\n\n\n\n<p>K\u00fcrschnerstr. 6<br>48369 Saerbeck<br>Deutschland<\/p>\n\n\n\n<p>Telefon: 02574\/939498<br>Fax: 02574\/9399844<br>eMail: vorstand [@] zrfg-doerenthe.de<\/p>\n\n\n","protected":false},"excerpt":{"rendered":"<p>Verein F\u00fcrstenberger Stra\u00dfe49479 Ibbenb\u00fcren-D\u00f6rentheDeutschland Gesch\u00e4ftsf\u00fchrung K\u00fcrschnerstr. 648369 SaerbeckDeutschland Telefon: 02574\/939498Fax: 02574\/9399844eMail: vorstand [@] zrfg-doerenthe.de<\/p>\n","protected":false},"author":1,"featured_media":0,"parent":0,"menu_order":0,"comment_status":"closed","ping_status":"closed","template":"","meta":{"ngg_post_thumbnail":0,"_EventAllDay":false,"_EventTimezone":"","_EventStartDate":"","_EventEndDate":"","_EventStartDateUTC":"","_EventEndDateUTC":"","_EventShowMap":false,"_EventShowMapLink":false,"_EventURL":"","_EventCost":"","_EventCostDescription":"","_EventCurrencySymbol":"","_EventCurrencyCode":"","_EventCurrencyPosition":"","_EventDateTimeSeparator":"","_EventTimeRangeSeparator":"","_EventOrganizerID":[],"_EventVenueID":[],"_OrganizerEmail":"","_OrganizerPhone":"","_OrganizerWebsite":"","_VenueAddress":"","_VenueCity":"","_VenueCountry":"","_VenueProvince":"","_VenueState":"","_VenueZip":"","_VenuePhone":"","_VenueURL":"","_VenueStateProvince":"","_VenueLat":"","_VenueLng":"","_VenueShowMap":false,"_VenueShowMapLink":false,"footnotes":""},"class_list":["post-49","page","type-page","status-publish","hentry"],"_links":{"self":[{"href":"https:\/\/neuzrfg.xn--drenthe-90a.de\/index.php?rest_route=\/wp\/v2\/pages\/49","targetHints":{"allow":["GET"]}}],"collection":[{"href":"https:\/\/neuzrfg.xn--drenthe-90a.de\/index.php?rest_route=\/wp\/v2\/pages"}],"about":[{"href":"https:\/\/neuzrfg.xn--drenthe-90a.de\/index.php?rest_route=\/wp\/v2\/types\/page"}],"author":[{"embeddable":true,"href":"https:\/\/neuzrfg.xn--drenthe-90a.de\/index.php?rest_route=\/wp\/v2\/users\/1"}],"replies":[{"embeddable":true,"href":"https:\/\/neuzrfg.xn--drenthe-90a.de\/index.php?rest_route=%2Fwp%2Fv2%2Fcomments&post=49"}],"version-history":[{"count":2,"href":"https:\/\/neuzrfg.xn--drenthe-90a.de\/index.php?rest_route=\/wp\/v2\/pages\/49\/revisions"}],"predecessor-version":[{"id":9143,"href":"https:\/\/neuzrfg.xn--drenthe-90a.de\/index.php?rest_route=\/wp\/v2\/pages\/49\/revisions\/9143"}],"wp:attachment":[{"href":"https:\/\/neuzrfg.xn--drenthe-90a.de\/index.php?rest_route=%2Fwp%2Fv2%2Fmedia&parent=49"}],"curies":[{"name":"wp","href":"https:\/\/api.w.org\/{rel}","templated":true}]}}