{"id":47,"date":"2019-03-06T15:07:59","date_gmt":"2019-03-06T14:07:59","guid":{"rendered":"http:\/\/neuzrfg.xn--drenthe-90a.de\/?page_id=47"},"modified":"2021-05-10T09:25:20","modified_gmt":"2021-05-10T07:25:20","slug":"impressum","status":"publish","type":"page","link":"https:\/\/neuzrfg.xn--drenthe-90a.de\/?page_id=47","title":{"rendered":"Impressum"},"content":{"rendered":"\n<h2 class=\"wp-block-heading\">Verantwortlich f\u00fcr den Inhalt:<\/h2>\n\n\n\n<p>ZRFG D\u00f6renthe e.V.<\/p>\n\n\n\n<h2 class=\"wp-block-heading\">Aufbau, Wartung und Erweiterung:<\/h2>\n\n\n\n<p>Stefan Gersmeier&nbsp;<\/p>\n\n\n\n<h2 class=\"wp-block-heading\">Haftungsausschluss:<\/h2>\n\n\n\n<p>Die auf diesen Webseiten zur Verf\u00fcgung gestellten Informationen werden laufend aktualisiert und erg\u00e4nzt. Dennoch kann keine Garantie f\u00fcr die Richtigkeit und Vollst\u00e4ndigkeit der angegebenen Daten \u00fcbernommen werden, da eine zwischenzeitlich eingetretene \u00c4nderung nicht v\u00f6llig auszuschlie\u00dfen ist. Dies gilt ebenso f\u00fcr s\u00e4mtliche Webseiten Dritter, auf die durch einen Link verwiesen wird. Dort enthaltene Informationen stehen im alleinigen Verantwortungsbereich ihres Herstellers bzw. Verwenders.<\/p>\n\n\n\n<p>Mit Urteil vom 12. Mai 1998 &#8211; 312 O 85\/98 &#8211; &#8222;Haftung f\u00fcr Links&#8220; hat das Landgericht Hamburg entschieden, dass man durch die Ausbringung eines Links die Inhalte der gelinkten Seite ggf. mitzuverantworten hat. Dies kann nur dadurch verhindert werden, dass man sich ausdr\u00fccklich von diesen Inhalten distanziert. Wir bieten auf unserer Homepage Links zu anderen Seiten im Internet an. F\u00fcr alle diese Links m\u00f6chten wir ausdr\u00fccklich betonen, dass wir keinerlei Einfluss auf die Gestaltung und die Inhalte der gelinkten Seiten haben. Deshalb distanzieren wir uns ausdr\u00fccklich von allen Inhalten aller gelinkten Seiten auf unserer Homepage inkl. aller Unterseiten. Diese Erkl\u00e4rung gilt f\u00fcr alle auf unserer Homepage angebrachten Links und f\u00fcr alle Inhalte der Seiten, zu denen Links oder Banner f\u00fchren.<\/p>\n\n\n\n<p>Auf diesen Seiten werden Bilder und Informationen \u00fcber Mitglieder des Vereins und eventuell andere Personen ver\u00f6ffentlicht. Mit diesen Bildern wollen wir keine Personen beleidigen oder sch\u00e4digen. Wenn jemand nicht auf diesen Internetseiten dargestellt werden m\u00f6chte, schreibt bitte an <a href=\"vorstand@zrfg.xn--drenthe-90a.de\">vorstand@zrfg.xn--drenthe-90a.de<\/a> Wir werden die Informationen dann unverz\u00fcglich entfernen. Urheberrecht Layout und Gestaltung des Angebotes sowie seiner einzelnen Elemente sind urheberrechtlich gesch\u00fctzt. Die Weiterverwendung und Vervielf\u00e4ltigung von Beitr\u00e4gen, Fotos und Grafiken sind ausschlie\u00dflich zu privaten Zwecken gestattet. Ver\u00e4nderungen d\u00fcrfen nicht vorgenommen werden. Die Quellenangabe ist anzugeben.<\/p>\n","protected":false},"excerpt":{"rendered":"<p>Verantwortlich f\u00fcr den Inhalt: ZRFG D\u00f6renthe e.V. Aufbau, Wartung und Erweiterung: Stefan Gersmeier&nbsp; Haftungsausschluss: Die auf diesen Webseiten zur Verf\u00fcgung gestellten Informationen werden laufend aktualisiert und erg\u00e4nzt. Dennoch kann keine Garantie f\u00fcr die Richtigkeit und Vollst\u00e4ndigkeit der angegebenen Daten \u00fcbernommen<\/p>\n","protected":false},"author":1,"featured_media":0,"parent":0,"menu_order":0,"comment_status":"closed","ping_status":"closed","template":"","meta":{"ngg_post_thumbnail":0,"_EventAllDay":false,"_EventTimezone":"","_EventStartDate":"","_EventEndDate":"","_EventStartDateUTC":"","_EventEndDateUTC":"","_EventShowMap":false,"_EventShowMapLink":false,"_EventURL":"","_EventCost":"","_EventCostDescription":"","_EventCurrencySymbol":"","_EventCurrencyCode":"","_EventCurrencyPosition":"","_EventDateTimeSeparator":"","_EventTimeRangeSeparator":"","_EventOrganizerID":[],"_EventVenueID":[],"_OrganizerEmail":"","_OrganizerPhone":"","_OrganizerWebsite":"","_VenueAddress":"","_VenueCity":"","_VenueCountry":"","_VenueProvince":"","_VenueState":"","_VenueZip":"","_VenuePhone":"","_VenueURL":"","_VenueStateProvince":"","_VenueLat":"","_VenueLng":"","_VenueShowMap":false,"_VenueShowMapLink":false,"footnotes":""},"class_list":["post-47","page","type-page","status-publish","hentry"],"_links":{"self":[{"href":"https:\/\/neuzrfg.xn--drenthe-90a.de\/index.php?rest_route=\/wp\/v2\/pages\/47","targetHints":{"allow":["GET"]}}],"collection":[{"href":"https:\/\/neuzrfg.xn--drenthe-90a.de\/index.php?rest_route=\/wp\/v2\/pages"}],"about":[{"href":"https:\/\/neuzrfg.xn--drenthe-90a.de\/index.php?rest_route=\/wp\/v2\/types\/page"}],"author":[{"embeddable":true,"href":"https:\/\/neuzrfg.xn--drenthe-90a.de\/index.php?rest_route=\/wp\/v2\/users\/1"}],"replies":[{"embeddable":true,"href":"https:\/\/neuzrfg.xn--drenthe-90a.de\/index.php?rest_route=%2Fwp%2Fv2%2Fcomments&post=47"}],"version-history":[{"count":3,"href":"https:\/\/neuzrfg.xn--drenthe-90a.de\/index.php?rest_route=\/wp\/v2\/pages\/47\/revisions"}],"predecessor-version":[{"id":6865,"href":"https:\/\/neuzrfg.xn--drenthe-90a.de\/index.php?rest_route=\/wp\/v2\/pages\/47\/revisions\/6865"}],"wp:attachment":[{"href":"https:\/\/neuzrfg.xn--drenthe-90a.de\/index.php?rest_route=%2Fwp%2Fv2%2Fmedia&parent=47"}],"curies":[{"name":"wp","href":"https:\/\/api.w.org\/{rel}","templated":true}]}}