{"id":45,"date":"2019-03-06T15:07:11","date_gmt":"2019-03-06T14:07:11","guid":{"rendered":"http:\/\/neuzrfg.xn--drenthe-90a.de\/?page_id=45"},"modified":"2024-06-03T22:55:17","modified_gmt":"2024-06-03T20:55:17","slug":"geburtsstunde-der-zrfg","status":"publish","type":"page","link":"https:\/\/neuzrfg.xn--drenthe-90a.de\/?page_id=45","title":{"rendered":"Geburtsstunde der ZRFG"},"content":{"rendered":"\n<p>Die <strong>offizielle Gr\u00fcndung<\/strong> der Reitgemeinschaft D\u00f6renthe e.V. war im <strong>April 1982<\/strong>. Eine Reitgemeinschaft hatte schon lange vorher bestanden. Sie geht sogar zur\u00fcck bis in die Zeit vor dem letzten Weltkrieg von 1939 bis 1945. D\u00f6renther Reiter beteiligten sich damals an der Fuchsjagd in Ibbenb\u00fcren.\u00a0<\/p>\n\n\n\n<p>Ein <strong>Reitgel\u00e4nde <\/strong>hatte die D\u00f6renther Reiter bei ihrem aktiven Mitglied Josef Windoffer, Im Venn 1, der einen Platz zur Verf\u00fcgung stellte, schnell gefunden. Der Reitplatz wurde in Eigenleistung hergestellt.<\/p>\n\n\n\n<p><strong>1977<\/strong> erstellte die Reitgemeinschaft in Eigenarbeit auf der Anh\u00f6he bei Josef Windoffer ein Holzhaus, eine Sattelkammer, im Volksmund \u201eReiterh\u00fctte\u201c genannt.\u00a0<\/p>\n\n\n\n<p>Im <strong>Mai 1977<\/strong> fand das <strong>1. \u00f6ffentliche Reitturnier<\/strong> statt. Im Kutschwagen wurde der \u00e4lteste B\u00fcrger aus D\u00f6renthe \u201eOpa Engelbert\u201c, von dem Reitkameraden Hans G\u00f6\u00dfling und Vinzenz Rolf von der Wohnung Engelbert bis zum Reitplatz gefahren.\u00a0<\/p>\n\n\n\n<p>Nach Absolvierung eines zweiw\u00f6chigen Lehrganges erlangten 7 Reiter und 10 Reiterinnen im <strong>August 198<\/strong>2 das <strong>Reiterabzeichen <\/strong>bzw. das <strong>Jugendreitabzeichen <\/strong>in Bronze.\u00a0<\/p>\n\n\n\n<p>Am Donnerstag, den <strong>21. April 1983<\/strong>, war auf dem D\u00f6renther Reitplatz, Im Venn, die <strong>erste Pferdeleistungsschau<\/strong>. 300 Nennungen konnten notiert werden. Drei Dressurwettbewerbe und das erste Springen (Klasse E) fanden statt. Imbi\u00df- und Erfrischungsst\u00e4nde standen zur Verf\u00fcgung. In der Sattelkammer wurden nachmittags Kaffee und Kuchen serviert. Eine Tombola mit wertvollen Preisen fehlte nicht. Die Wettbewerbe wurden gegen 18.00 Uhr mit der Quadrille der Reitgemeinschaft D\u00f6renthe und den Jagdhornbl\u00e4sern aus Ibbenb\u00fcren abgeschlossen.<\/p>\n\n\n\n<p>Die <strong>Einweihung der neuen Standarte<\/strong> erfolgte in einer Hubertusmesse in unserer Modestuskirche am <strong>29. Oktober 1988<\/strong>. Die Me\u00dffeier wurde von einigen Mitgliedern mitgestaltet. Zur Sch\u00f6nerung der Feier trug ein Jagdhornbl\u00e4serchor bei.\u00a0<\/p>\n\n\n\n<p>Die Reitgemeinschaft richtet seitdem <strong>jedes Jahr im April\/Mai ein Turnier<\/strong> aus und im <strong>September\/Oktober startet die Fuchsjagd<\/strong>. Die Mitgliederzahl umfasst etwa 43 aktive und 60 passive Mitglieder aus D\u00f6renthe und den Nachbargemeinden.\u00a0<\/p>\n\n\n\n<p>Der <strong>Vorstand <\/strong>setzt sich Ende <strong>1989<\/strong> wie folgt zusammen:<br>\u00a0\u00a0\u00a0 1. Vorsitzender: Vinzenz Rolf<br>\u00a0\u00a0\u00a0 2. Vorsitzender Heiner L\u00f6pmeier<br>\u00a0\u00a0\u00a0 1. Kassierer: Hans G\u00f6\u00dfling<br>\u00a0\u00a0\u00a0 2. Kassierer: Werner Heiber<br>\u00a0\u00a0\u00a0 Gesch\u00e4ftsf\u00fchrer: Bernhard Breckweg<\/p>\n","protected":false},"excerpt":{"rendered":"<p>Die offizielle Gr\u00fcndung der Reitgemeinschaft D\u00f6renthe e.V. war im April 1982. Eine Reitgemeinschaft hatte schon lange vorher bestanden. Sie geht sogar zur\u00fcck bis in die Zeit vor dem letzten Weltkrieg von 1939 bis 1945. D\u00f6renther Reiter beteiligten sich damals an<\/p>\n","protected":false},"author":1,"featured_media":0,"parent":0,"menu_order":0,"comment_status":"closed","ping_status":"closed","template":"","meta":{"ngg_post_thumbnail":0,"_EventAllDay":false,"_EventTimezone":"","_EventStartDate":"","_EventEndDate":"","_EventStartDateUTC":"","_EventEndDateUTC":"","_EventShowMap":false,"_EventShowMapLink":false,"_EventURL":"","_EventCost":"","_EventCostDescription":"","_EventCurrencySymbol":"","_EventCurrencyCode":"","_EventCurrencyPosition":"","_EventDateTimeSeparator":"","_EventTimeRangeSeparator":"","_EventOrganizerID":[],"_EventVenueID":[],"_OrganizerEmail":"","_OrganizerPhone":"","_OrganizerWebsite":"","_VenueAddress":"","_VenueCity":"","_VenueCountry":"","_VenueProvince":"","_VenueState":"","_VenueZip":"","_VenuePhone":"","_VenueURL":"","_VenueStateProvince":"","_VenueLat":"","_VenueLng":"","_VenueShowMap":false,"_VenueShowMapLink":false,"footnotes":""},"class_list":["post-45","page","type-page","status-publish","hentry"],"_links":{"self":[{"href":"https:\/\/neuzrfg.xn--drenthe-90a.de\/index.php?rest_route=\/wp\/v2\/pages\/45","targetHints":{"allow":["GET"]}}],"collection":[{"href":"https:\/\/neuzrfg.xn--drenthe-90a.de\/index.php?rest_route=\/wp\/v2\/pages"}],"about":[{"href":"https:\/\/neuzrfg.xn--drenthe-90a.de\/index.php?rest_route=\/wp\/v2\/types\/page"}],"author":[{"embeddable":true,"href":"https:\/\/neuzrfg.xn--drenthe-90a.de\/index.php?rest_route=\/wp\/v2\/users\/1"}],"replies":[{"embeddable":true,"href":"https:\/\/neuzrfg.xn--drenthe-90a.de\/index.php?rest_route=%2Fwp%2Fv2%2Fcomments&post=45"}],"version-history":[{"count":2,"href":"https:\/\/neuzrfg.xn--drenthe-90a.de\/index.php?rest_route=\/wp\/v2\/pages\/45\/revisions"}],"predecessor-version":[{"id":8508,"href":"https:\/\/neuzrfg.xn--drenthe-90a.de\/index.php?rest_route=\/wp\/v2\/pages\/45\/revisions\/8508"}],"wp:attachment":[{"href":"https:\/\/neuzrfg.xn--drenthe-90a.de\/index.php?rest_route=%2Fwp%2Fv2%2Fmedia&parent=45"}],"curies":[{"name":"wp","href":"https:\/\/api.w.org\/{rel}","templated":true}]}}