{"id":43,"date":"2019-03-06T15:06:09","date_gmt":"2019-03-06T14:06:09","guid":{"rendered":"http:\/\/neuzrfg.xn--drenthe-90a.de\/?page_id=43"},"modified":"2026-02-06T16:05:26","modified_gmt":"2026-02-06T15:05:26","slug":"fahren","status":"publish","type":"page","link":"https:\/\/neuzrfg.xn--drenthe-90a.de\/?page_id=43","title":{"rendered":"Fahren"},"content":{"rendered":"\n<ul class=\"wp-block-list\">\n<li><strong>Kontakt<\/strong>: Christiane Dierkes (<strong>Fahrersprecher<\/strong>in) Telefon: 01512 8764818<\/li>\n<\/ul>\n\n\n\n\n\n<p><strong>Shetty-Sporttag:<\/strong> <strong>Samstag<\/strong>, <strong>12. September 2026 <\/strong>&#8211; alles rund ums Shetty mit zwei Fahrpr\u00fcfungen<\/p>\n\n\n\n<p><br><strong>Fahrturnier<\/strong>: <strong>Samstag, 29. August 2026<\/strong> <br> Fahrturnier WBO (Klasse E) &#8211; hier starten die Einsteiger! <br><\/p>\n\n\n\n<p><strong>Orientierungsfahrt\/ -ritt:<\/strong> <strong>Samstag<\/strong>, <strong>3. Oktober 2026<\/strong>&nbsp;(abends mit <strong>Helferfest<\/strong>)<\/p>\n\n\n\n<p><strong>Individuelles Fahrtraining<\/strong> nach Absprache m\u00f6glich<\/p>\n\n\n\n<p> <br>Die Zucht- Reit- und Fahrgemeinschaft besitzt eine relativ gro\u00dfe Fahrergemeinschaft, die sich an <strong>jedem ersten Freitag im Monat<\/strong> um <strong>19:30 Uhr<\/strong> zum <strong>Fahrerstammtisch <\/strong>in unserer <strong>Reith\u00fctte an der F\u00fcrstenberger Stra\u00dfe<\/strong> trifft. Interessierte sind herzlich willkommen!<\/p>\n\n\n\n<p><\/p>\n\n\n\n<figure class=\"wp-block-image\"><img fetchpriority=\"high\" decoding=\"async\" width=\"1024\" height=\"768\" src=\"https:\/\/neuzrfg.xn--drenthe-90a.de\/wp-content\/uploads\/2019\/03\/IMG-20171014-WA0065-1-1024x768.jpg\" alt=\"\" class=\"wp-image-620\" srcset=\"https:\/\/neuzrfg.xn--drenthe-90a.de\/wp-content\/uploads\/2019\/03\/IMG-20171014-WA0065-1-1024x768.jpg 1024w, https:\/\/neuzrfg.xn--drenthe-90a.de\/wp-content\/uploads\/2019\/03\/IMG-20171014-WA0065-1-300x225.jpg 300w, https:\/\/neuzrfg.xn--drenthe-90a.de\/wp-content\/uploads\/2019\/03\/IMG-20171014-WA0065-1-768x576.jpg 768w, https:\/\/neuzrfg.xn--drenthe-90a.de\/wp-content\/uploads\/2019\/03\/IMG-20171014-WA0065-1.jpg 1280w\" sizes=\"(max-width: 1024px) 100vw, 1024px\" \/><figcaption class=\"wp-element-caption\">Treff zur Hubertusfahrt<\/figcaption><\/figure>\n\n\n\n<p>Das fahrsportliche Highlight ist das j\u00e4hrliche <strong>WBO-Fahrturnier<\/strong> <strong>Klasse E<\/strong>, ideal f\u00fcr Neueinsteiger in den Turnier-Fahrsport.<br>F\u00fcr fortgeschrittene Fahrer gibt es <strong>2024 erstmals ein LPO-Turnier Klasse A<\/strong> auf unserem Vereinsgel\u00e4nde!<\/p>\n\n\n\n<figure class=\"wp-block-image size-large\"><img decoding=\"async\" width=\"683\" height=\"1024\" src=\"https:\/\/neuzrfg.xn--drenthe-90a.de\/wp-content\/uploads\/2024\/03\/2023-Fahrturnier036-683x1024.jpg\" alt=\"\" class=\"wp-image-8097\" srcset=\"https:\/\/neuzrfg.xn--drenthe-90a.de\/wp-content\/uploads\/2024\/03\/2023-Fahrturnier036-683x1024.jpg 683w, https:\/\/neuzrfg.xn--drenthe-90a.de\/wp-content\/uploads\/2024\/03\/2023-Fahrturnier036-200x300.jpg 200w, https:\/\/neuzrfg.xn--drenthe-90a.de\/wp-content\/uploads\/2024\/03\/2023-Fahrturnier036-768x1152.jpg 768w, https:\/\/neuzrfg.xn--drenthe-90a.de\/wp-content\/uploads\/2024\/03\/2023-Fahrturnier036.jpg 1024w\" sizes=\"(max-width: 683px) 100vw, 683px\" \/><figcaption class=\"wp-element-caption\">Fahrturnier &#8211; WBO<\/figcaption><\/figure>\n\n\n\n<figure class=\"wp-block-image size-full is-resized\"><img decoding=\"async\" width=\"1024\" height=\"683\" src=\"https:\/\/neuzrfg.xn--drenthe-90a.de\/wp-content\/uploads\/2024\/03\/2023-Fahrturnier106.jpg\" alt=\"\" class=\"wp-image-8100\" style=\"width:926px;height:auto\" srcset=\"https:\/\/neuzrfg.xn--drenthe-90a.de\/wp-content\/uploads\/2024\/03\/2023-Fahrturnier106.jpg 1024w, https:\/\/neuzrfg.xn--drenthe-90a.de\/wp-content\/uploads\/2024\/03\/2023-Fahrturnier106-300x200.jpg 300w, https:\/\/neuzrfg.xn--drenthe-90a.de\/wp-content\/uploads\/2024\/03\/2023-Fahrturnier106-768x512.jpg 768w\" sizes=\"(max-width: 1024px) 100vw, 1024px\" \/><figcaption class=\"wp-element-caption\">Fahrturnier &#8211; feste Hindernisse<\/figcaption><\/figure>\n\n\n\n<figure class=\"wp-block-image\"><img loading=\"lazy\" decoding=\"async\" width=\"1024\" height=\"682\" src=\"https:\/\/neuzrfg.xn--drenthe-90a.de\/wp-content\/uploads\/2019\/03\/Fahrtunier-2017-135-1024x682.jpg\" alt=\"\" class=\"wp-image-623\" srcset=\"https:\/\/neuzrfg.xn--drenthe-90a.de\/wp-content\/uploads\/2019\/03\/Fahrtunier-2017-135-1024x682.jpg 1024w, https:\/\/neuzrfg.xn--drenthe-90a.de\/wp-content\/uploads\/2019\/03\/Fahrtunier-2017-135-300x200.jpg 300w, https:\/\/neuzrfg.xn--drenthe-90a.de\/wp-content\/uploads\/2019\/03\/Fahrtunier-2017-135-768x511.jpg 768w\" sizes=\"(max-width: 1024px) 100vw, 1024px\" \/><figcaption class=\"wp-element-caption\">Fahrturnier &#8211; im Kegelparcours<\/figcaption><\/figure>\n\n\n\n<figure class=\"wp-block-image\"><img loading=\"lazy\" decoding=\"async\" width=\"1024\" height=\"682\" src=\"https:\/\/neuzrfg.xn--drenthe-90a.de\/wp-content\/uploads\/2019\/03\/Fahrtunier-2017-089-1024x682.jpg\" alt=\"\" class=\"wp-image-624\" srcset=\"https:\/\/neuzrfg.xn--drenthe-90a.de\/wp-content\/uploads\/2019\/03\/Fahrtunier-2017-089-1024x682.jpg 1024w, https:\/\/neuzrfg.xn--drenthe-90a.de\/wp-content\/uploads\/2019\/03\/Fahrtunier-2017-089-300x200.jpg 300w, https:\/\/neuzrfg.xn--drenthe-90a.de\/wp-content\/uploads\/2019\/03\/Fahrtunier-2017-089-768x511.jpg 768w\" sizes=\"(max-width: 1024px) 100vw, 1024px\" \/><figcaption class=\"wp-element-caption\">Fahrturnier &#8211; im Wasserhindernis<\/figcaption><\/figure>\n\n\n\n<p>Dar\u00fcber hinaus findet jedes Jahr am zweiten Samstag im September unsere Orientierungsfahrt bzw. unser Orientierungsritt statt &#8211; seit ein paar Jahren jedes Jahr unter einem besonderen Motto. Eine Verkleidung ist gern gesehen, aber nat\u00fcrlich kein Muss. <br><br>Die j\u00e4hrlich wechselnde Strecke von 20 bis 25 Kilometern f\u00fchrt durch das idyllische D\u00f6renther Hinterland in Richtung Tecklenburg, Riesenbeck oder Ladbergen. F\u00fcr das leibliche Wohl wird auf der Mittagsstation gesorgt und  die entlang der Strecke aufgebauten Spielestationen lassen keine Langeweile aufkommen.<\/p>\n\n\n\n<figure class=\"wp-block-image\"><img loading=\"lazy\" decoding=\"async\" width=\"1024\" height=\"768\" src=\"https:\/\/neuzrfg.xn--drenthe-90a.de\/wp-content\/uploads\/2019\/03\/IMG-20150912-WA0012-1024x768.jpg\" alt=\"\" class=\"wp-image-626\" srcset=\"https:\/\/neuzrfg.xn--drenthe-90a.de\/wp-content\/uploads\/2019\/03\/IMG-20150912-WA0012-1024x768.jpg 1024w, https:\/\/neuzrfg.xn--drenthe-90a.de\/wp-content\/uploads\/2019\/03\/IMG-20150912-WA0012-300x225.jpg 300w, https:\/\/neuzrfg.xn--drenthe-90a.de\/wp-content\/uploads\/2019\/03\/IMG-20150912-WA0012-768x576.jpg 768w, https:\/\/neuzrfg.xn--drenthe-90a.de\/wp-content\/uploads\/2019\/03\/IMG-20150912-WA0012.jpg 1600w\" sizes=\"(max-width: 1024px) 100vw, 1024px\" \/><figcaption class=\"wp-element-caption\">Orientierungsfahrt &#8211; Motto &#8222;Wilder Westen&#8220;<\/figcaption><\/figure>\n\n\n\n<figure class=\"wp-block-image\"><img loading=\"lazy\" decoding=\"async\" width=\"1024\" height=\"682\" src=\"https:\/\/neuzrfg.xn--drenthe-90a.de\/wp-content\/uploads\/2019\/03\/orientierungsfahrt_201774_20170910_1874593367-1024x682.jpg\" alt=\"\" class=\"wp-image-625\" srcset=\"https:\/\/neuzrfg.xn--drenthe-90a.de\/wp-content\/uploads\/2019\/03\/orientierungsfahrt_201774_20170910_1874593367.jpg 1024w, https:\/\/neuzrfg.xn--drenthe-90a.de\/wp-content\/uploads\/2019\/03\/orientierungsfahrt_201774_20170910_1874593367-300x200.jpg 300w, https:\/\/neuzrfg.xn--drenthe-90a.de\/wp-content\/uploads\/2019\/03\/orientierungsfahrt_201774_20170910_1874593367-768x512.jpg 768w\" sizes=\"(max-width: 1024px) 100vw, 1024px\" \/><figcaption class=\"wp-element-caption\">Motto &#8222;Weihnachten&#8220; &#8211; Schokolandensorten raten<br><br><\/figcaption><\/figure>\n\n\n\n<figure class=\"wp-block-image\"><img loading=\"lazy\" decoding=\"async\" width=\"900\" height=\"643\" src=\"https:\/\/neuzrfg.xn--drenthe-90a.de\/wp-content\/uploads\/2019\/03\/Unbenannt.jpg\" alt=\"\" class=\"wp-image-627\" srcset=\"https:\/\/neuzrfg.xn--drenthe-90a.de\/wp-content\/uploads\/2019\/03\/Unbenannt.jpg 900w, https:\/\/neuzrfg.xn--drenthe-90a.de\/wp-content\/uploads\/2019\/03\/Unbenannt-300x214.jpg 300w, https:\/\/neuzrfg.xn--drenthe-90a.de\/wp-content\/uploads\/2019\/03\/Unbenannt-768x549.jpg 768w\" sizes=\"(max-width: 900px) 100vw, 900px\" \/><figcaption class=\"wp-element-caption\">Orientierungsfahrt &#8211; Motto &#8222;Oktoberfest&#8220;<\/figcaption><\/figure>\n\n\n\n<p>Abends kommen alle Teilnehmer dann in unserer Reith\u00fctte an der F\u00fcrstenberger Stra\u00dfe zusammen, um gemeinsam zu essen und die Sieger des Tages zu k\u00fcren. Dabei gibt es f\u00fcr die drei Gruppen, die in den Spielen am besten abgeschnitten haben, jeweils einen Pokal, f\u00fcr alle weitere Pl\u00e4tze stehen Sachpreise bereit. Sonderehrenpreise werden f\u00fcr die beste Kost\u00fcmierung vergeben. <\/p>\n","protected":false},"excerpt":{"rendered":"<p>Shetty-Sporttag: Samstag, 12. September 2026 &#8211; alles rund ums Shetty mit zwei Fahrpr\u00fcfungen Fahrturnier: Samstag, 29. August 2026 Fahrturnier WBO (Klasse E) &#8211; hier starten die Einsteiger! Orientierungsfahrt\/ -ritt: Samstag, 3. Oktober 2026&nbsp;(abends mit Helferfest) Individuelles Fahrtraining nach Absprache m\u00f6glich<\/p>\n","protected":false},"author":1,"featured_media":0,"parent":0,"menu_order":0,"comment_status":"closed","ping_status":"closed","template":"","meta":{"ngg_post_thumbnail":0,"_EventAllDay":false,"_EventTimezone":"","_EventStartDate":"","_EventEndDate":"","_EventStartDateUTC":"","_EventEndDateUTC":"","_EventShowMap":false,"_EventShowMapLink":false,"_EventURL":"","_EventCost":"","_EventCostDescription":"","_EventCurrencySymbol":"","_EventCurrencyCode":"","_EventCurrencyPosition":"","_EventDateTimeSeparator":"","_EventTimeRangeSeparator":"","_EventOrganizerID":[],"_EventVenueID":[],"_OrganizerEmail":"","_OrganizerPhone":"","_OrganizerWebsite":"","_VenueAddress":"","_VenueCity":"","_VenueCountry":"","_VenueProvince":"","_VenueState":"","_VenueZip":"","_VenuePhone":"","_VenueURL":"","_VenueStateProvince":"","_VenueLat":"","_VenueLng":"","_VenueShowMap":false,"_VenueShowMapLink":false,"footnotes":""},"class_list":["post-43","page","type-page","status-publish","hentry"],"_links":{"self":[{"href":"https:\/\/neuzrfg.xn--drenthe-90a.de\/index.php?rest_route=\/wp\/v2\/pages\/43","targetHints":{"allow":["GET"]}}],"collection":[{"href":"https:\/\/neuzrfg.xn--drenthe-90a.de\/index.php?rest_route=\/wp\/v2\/pages"}],"about":[{"href":"https:\/\/neuzrfg.xn--drenthe-90a.de\/index.php?rest_route=\/wp\/v2\/types\/page"}],"author":[{"embeddable":true,"href":"https:\/\/neuzrfg.xn--drenthe-90a.de\/index.php?rest_route=\/wp\/v2\/users\/1"}],"replies":[{"embeddable":true,"href":"https:\/\/neuzrfg.xn--drenthe-90a.de\/index.php?rest_route=%2Fwp%2Fv2%2Fcomments&post=43"}],"version-history":[{"count":9,"href":"https:\/\/neuzrfg.xn--drenthe-90a.de\/index.php?rest_route=\/wp\/v2\/pages\/43\/revisions"}],"predecessor-version":[{"id":9758,"href":"https:\/\/neuzrfg.xn--drenthe-90a.de\/index.php?rest_route=\/wp\/v2\/pages\/43\/revisions\/9758"}],"wp:attachment":[{"href":"https:\/\/neuzrfg.xn--drenthe-90a.de\/index.php?rest_route=%2Fwp%2Fv2%2Fmedia&parent=43"}],"curies":[{"name":"wp","href":"https:\/\/api.w.org\/{rel}","templated":true}]}}